{"id":2675,"date":"2020-09-10T23:16:22","date_gmt":"2020-09-11T03:16:22","guid":{"rendered":"https:\/\/lincolndems.org\/?page_id=2675"},"modified":"2020-09-12T11:17:03","modified_gmt":"2020-09-12T15:17:03","slug":"vote-by-mail","status":"publish","type":"page","link":"https:\/\/lincolndems.org\/es\/vote-by-mail\/","title":{"rendered":"Vote By Mail"},"content":{"rendered":"<div class=\"su-row\">\n<div class=\"su-box su-box-style-default\" id=\"\" style=\"border-color:#003284;border-radius:3px;max-width:none\"><div class=\"su-box-title\" style=\"background-color:#1C65B7;color:#FFFFFF;border-top-left-radius:1px;border-top-right-radius:1px\">Vote By Mail - Absentee Ballot<\/div><div class=\"su-box-content su-u-clearfix su-u-trim\" style=\"border-bottom-left-radius:1px;border-bottom-right-radius:1px\">\n<p><span style=\"color: #800080;\"><strong>This is a 2 step process: 1) Request the ballot. 2) Submit your voted ballot.<\/strong><\/span> <strong><span style=\"color: #ff6600;\"><em>DO BOTH STEPS AS EARLY AS POSSIBLE.<\/em><\/span><\/strong><\/p>\n<p>Requesting an Absentee Ballot can now be done in either of TWO ways:<\/p>\n<div class=\"vlp-link-container vlp-layout-basic\"><a href=\"https:\/\/votebymail.ncsbe.gov\/app\/home\" class=\"vlp-link\" title=\"1A) Use the -NEW- NC Absentee Ballot Request On-Line Portal\" rel=\"nofollow\" target=\"_blank\"><\/a><div class=\"vlp-layout-zone-main\"><div class=\"vlp-block-0 vlp-link-title\">1A) Use the -NEW- NC Absentee Ballot Request On-Line Portal<\/div><div class=\"vlp-block-1 vlp-link-summary\">This portal provides a secure way to request an absentee by mail ballot which will be mailed to you<\/div><\/div><\/div>\n<div class=\"vlp-link-container vlp-layout-basic\"><a href=\"https:\/\/s3.amazonaws.com\/dl.ncsbe.gov\/Forms\/AbsenteeBallotRequestFormcbeSpanish.pdf\" class=\"vlp-link\" title=\"1A) Utilice el portal en l\u00ednea de solicitud de boleta de voto en ausencia de -NUEVO- NC\" rel=\"nofollow\" target=\"_blank\"><\/a><div class=\"vlp-layout-zone-main\"><div class=\"vlp-block-0 vlp-link-title\">1A) Utilice el portal en l\u00ednea de solicitud de boleta de voto en ausencia de -NUEVO- NC<\/div><div class=\"vlp-block-1 vlp-link-summary\">Este portal proporciona una manera segura de solicitar una boleta de voto en ausencia por correo que se le enviar\u00e1 por correo.<\/div><\/div><\/div>\n<p style=\"text-align: center;\"><strong>OR<\/strong><\/p>\n<div class=\"vlp-link-container vlp-layout-basic\"><a href=\"https:\/\/s3.amazonaws.com\/dl.ncsbe.gov\/Forms\/NCAbsenteeBallotRequestForm.pdf\" class=\"vlp-link\" title=\"1B) Use the Absentee Ballot Request Form\" rel=\"nofollow\" target=\"_blank\"><\/a><div class=\"vlp-layout-zone-main\"><div class=\"vlp-block-0 vlp-link-title\">1B) Use the Absentee Ballot Request Form<\/div><div class=\"vlp-block-1 vlp-link-summary\">Use this form to request your Absentee Ballot. Follow ALL the directions. Complete all the RED fields.  <\/div><\/div><\/div>\n<div class=\"vlp-link-container vlp-layout-basic\"><a href=\"https:\/\/s3.amazonaws.com\/dl.ncsbe.gov\/Forms\/NCAbsenteeBallotRequestForm.pdf\" class=\"vlp-link\" title=\"1B) Solicitud para la Boleta del Voto en Ausencia\" rel=\"nofollow\" target=\"_blank\"><\/a><div class=\"vlp-layout-zone-main\"><div class=\"vlp-block-0 vlp-link-title\">1B) Solicitud para la Boleta del Voto en Ausencia<\/div><div class=\"vlp-block-1 vlp-link-summary\">Usa esta forma para pedir tu boleta de ausente. Sigue TODAS la direcciones. Termina todas las zonas ROJAS. La fecha l\u00edmite para presentar una solicitud para las elecciones generales del 3 de noviembre de 2020 es a las 5 p.m. del martes 27 de octubre.<\/div><\/div><\/div>\n<p>The deadline to submit a request for the November 3, 2020, general election is 5 p.m Tuesday, October 27. The Absentee Ballot Request Form may be submitted to the Lincoln County Board of Elections (BOE) &#8211; by mail, in-person, by fax, or by email.<\/p>\n<p>Using either method, if there is a problem with your request, the BOE will return it to you and you can resubmit using either the paper form or the new portal. <em><strong>The BOE will begin to mail out Absentee Ballots around <span style=\"color: #ff6600;\">September 4<\/span>.<\/strong><\/em><\/p>\n<hr \/>\n<p>La fecha l\u00edmite para presentar una solicitud para las elecciones generales del 3 de noviembre de 2020 es a las 5 p.m. del martes 27 de octubre. El Formulario de Solicitud de Boleta Ausente puede ser enviado a la Junta Electoral del Condado de Lincoln (BOE, por sustenes, por correo, en persona, por fax o por correo electr\u00f3nico).<\/p>\n<p>Usando cualquiera de los dos m\u00e9todos, si hay un problema con su solicitud, el BOE se la devolver\u00e1 y puede volver a enviarla utilizando el formulario en papel o el nuevo portal. El BOE comenzar\u00e1 a enviar las papeletas de ausencia alrededor del 4 de septiembre.<\/p>\n<div class=\"vlp-link-container vlp-layout-basic\"><a href=\"https:\/\/www.ncsbe.gov\/Voting-Options\/Absentee-Voting\" class=\"vlp-link\" title=\"2) Completing and Submitting Your Ballot\" rel=\"nofollow\" target=\"_blank\"><\/a><div class=\"vlp-layout-zone-main\"><div class=\"vlp-block-0 vlp-link-title\">2) Completing and Submitting Your Ballot<\/div><div class=\"vlp-block-1 vlp-link-summary\">Once you have received your Absentee Ballot, you can use it to vote at any time. Follow ALL directions. Two ways to submit your ballot - via USPS or in-person (only by yourself or a \"near relative\" at the Lincoln County BOE or at any open One-Stop Early Voting location, but NOT at Election Day voting locations). Must be submitted by 5 pm on Election Day (November 3).<br \/>\n<hr><br \/>\nCuando usted ha recibido su boleta de ausente, puede usarla para votar cualquier tiempo. Sigue TODAS la direcciones.<br \/>\nHay 2 maneras para enviar su boleta - de USPS, en persona (solo o con un pariente cercano) al Lincoln County BOE.<br \/>\nLas boletas deben ser enviadas antes de las 5pm del D\u00eda de Elecci\u00f3n (el 3 de Noviembre).<br \/>\n<\/div><\/div><\/div>\n<p style=\"padding-left: 40px; background: white; text-align: justify;\"><strong>Lincoln County BOE Director: <\/strong>Bradley R. Putnam<br \/>\n<strong>Office Hours: <\/strong>M-F (8:00 AM &#8211; 5:00 PM)<br \/>\n<strong>Physical Address:<\/strong> 451 Salem Church Rd. Lincolnton, NC 28092<br \/>\n<strong>Mailing Address:<\/strong> 451 Salem Church Rd. Lincolnton, NC 28092<br \/>\n<strong>Phone:<\/strong> 704-736-8480 <strong>Fax:<\/strong> 704-736-8804 <strong>Email:<\/strong> lincolnboe@lincolncounty.org<\/p>\n<hr \/>\n<h2 style=\"text-align: center;\">Track Your Ballot<\/h2>\n<p>&nbsp;<\/p>\n<p style=\"text-align: left;\"><span style=\"font-size: 16pt;\">Absentee by-mail voters can <strong><span style=\"color: #ff6600;\">track the status<\/span><\/strong> of their ballot in three different ways:<\/span><\/p>\n<ul>\n<li style=\"list-style-type: none;\">\n<ul>\n<li style=\"list-style-type: none;\">\n<ul>\n<li style=\"list-style-type: none;\">\n<ul>\n<li style=\"list-style-type: none;\">\n<ul>\n<li style=\"list-style-type: none;\">\n<ul>\n<li style=\"list-style-type: none;\">\n<ul>\n<li style=\"list-style-type: none;\">\n<ul>\n<li style=\"list-style-type: none;\">\n<ul>\n<li style=\"list-style-type: none;\">\n<ul>\n<li style=\"list-style-type: none;\">\n<ul>\n<li style=\"list-style-type: none;\">\n<ul>\n<li><a href=\"https:\/\/northcarolina.ballottrax.net\/voter\/\">BallotTrax <\/a><\/li>\n<li><a class=\"ext\" href=\"https:\/\/vt.ncsbe.gov\/RegLkup\/\" target=\"_blank\" rel=\"noopener noreferrer\" data-extlink=\"\">Voter Search Tool,<\/a><\/li>\n<li>Contacting their <a class=\"ext\" href=\"https:\/\/vt.ncsbe.gov\/BOEInfo\/\" target=\"_blank\" rel=\"noopener noreferrer\" data-extlink=\"\">county board of elections.<\/a><\/li>\n<\/ul>\n<\/li>\n<\/ul>\n<\/li>\n<\/ul>\n<\/li>\n<\/ul>\n<\/li>\n<\/ul>\n<\/li>\n<\/ul>\n<\/li>\n<\/ul>\n<\/li>\n<\/ul>\n<\/li>\n<\/ul>\n<\/li>\n<\/ul>\n<\/li>\n<\/ul>\n<\/li>\n<\/ul>\n<p>&nbsp;<\/p>\n<p><strong>1) BallotTrax<\/strong><em><strong>\u00a0<\/strong><\/em><\/p>\n<p>BallotTrax allows NC voters with valid absentee ballot requests to create an account. After creating an account, voters will be able to:<\/p>\n<ul>\n<li>Log in to view the status of their absentee by-mail request and ballot.<\/li>\n<li>Learn if their ballot cannot be accepted because of issues such as a missing signature or witness information. If this occurs, the county board of elections will provide information to the voter on how to correct the issue.<\/li>\n<li>Sign up for email, text, and\/or voice alerts for status updates.<\/li>\n<\/ul>\n<p><a class=\"ext\" href=\"https:\/\/s3.amazonaws.com\/dl.ncsbe.gov\/Press\/BallotTrax\/BallotTrax%20County%20Voter%20Guide%20v1.pdf\" target=\"_blank\" rel=\"noopener noreferrer\" data-extlink=\"\">Click here for more information on creating an account in BallotTrax.<\/a><\/p>\n<p><strong>2) Voter Search Tool<\/strong><\/p>\n<p>When a county board of elections marks a ballot as\u00a0<em>Accepted<\/em>, that information will appear in that voter\u2019s record available through the State Board\u2019s\u00a0Voter Search Tool.\u00a0Because absentee ballot request information is confidential under state law until the ballot is accepted or until Election Day, absentee request information does not appear in the\u00a0Voter Search Tool.<\/p>\n<p><strong>3) Contact Your County Board of Elections<\/strong><\/p>\n<p>If you have questions about the status of your absentee ballot that cannot be answered through BallotTrax or the\u00a0<a class=\"ext\" href=\"https:\/\/vt.ncsbe.gov\/RegLkup\/\" target=\"_blank\" rel=\"noopener noreferrer\" data-extlink=\"\">Voter Search Tool,<\/a>\u00a0contact your\u00a0<a class=\"ext\" href=\"https:\/\/vt.ncsbe.gov\/BOEInfo\/\" target=\"_blank\" rel=\"noopener noreferrer\" data-extlink=\"\">county board of elections.<\/a>\u00a0Please be advised that county board offices are extremely busy.<\/p>\n<ol style=\"color: #ff6600; font-weight: bold;\">\n<li>In-person Absentee Ballot submission avoids depending on USPS delivery. \/ La presentaci\u00f3n de papeletas ausentes en persona evita dependiendo de la entrega de USPS.<\/li>\n<li>Photo ID is NOT Required to Vote \/ La identificaci\u00f3n de la foto no es necesaria para votar.<\/li>\n<li>Note: If you request an absentee ballot, you can still vote in person (One-Stop or Election Day). <strong>But<\/strong>, you can only vote <strong>ONCE<\/strong>. Having the Absentee Ballot can be good insurance in case something interferes with your in-person voting (e.g., sickness, &#8230;).<\/li>\n<\/ol>\n<p>Si solicita una boleta de ausencia, todav\u00eda puede votar en persona (One-Stop o el d\u00eda de las elecciones). <strong>Pero<\/strong>, s\u00f3lo se puede votar ONCE. Tener la boleta ausente puede ser un buen seguro en caso de que algo interfiera con su voto en persona (por ejemplo, enfermedad, &#8230;).<\/p>\n<\/div><\/div>\n<\/div>","protected":false},"excerpt":{"rendered":"","protected":false},"author":5,"featured_media":0,"parent":0,"menu_order":0,"comment_status":"closed","ping_status":"closed","template":"","meta":{"site-sidebar-layout":"default","site-content-layout":"","ast-site-content-layout":"default","site-content-style":"default","site-sidebar-style":"default","ast-global-header-display":"","ast-banner-title-visibility":"","ast-main-header-display":"","ast-hfb-above-header-display":"","ast-hfb-below-header-display":"","ast-hfb-mobile-header-display":"","site-post-title":"","ast-breadcrumbs-content":"","ast-featured-img":"","footer-sml-layout":"","ast-disable-related-posts":"","theme-transparent-header-meta":"","adv-header-id-meta":"","stick-header-meta":"","header-above-stick-meta":"","header-main-stick-meta":"","header-below-stick-meta":"","astra-migrate-meta-layouts":"default","ast-page-background-enabled":"default","ast-page-background-meta":{"desktop":{"background-color":"","background-image":"","background-repeat":"repeat","background-position":"center center","background-size":"auto","background-attachment":"scroll","background-type":"","background-media":"","overlay-type":"","overlay-color":"","overlay-opacity":"","overlay-gradient":""},"tablet":{"background-color":"","background-image":"","background-repeat":"repeat","background-position":"center center","background-size":"auto","background-attachment":"scroll","background-type":"","background-media":"","overlay-type":"","overlay-color":"","overlay-opacity":"","overlay-gradient":""},"mobile":{"background-color":"","background-image":"","background-repeat":"repeat","background-position":"center center","background-size":"auto","background-attachment":"scroll","background-type":"","background-media":"","overlay-type":"","overlay-color":"","overlay-opacity":"","overlay-gradient":""}},"ast-content-background-meta":{"desktop":{"background-color":"var(--ast-global-color-5)","background-image":"","background-repeat":"repeat","background-position":"center center","background-size":"auto","background-attachment":"scroll","background-type":"","background-media":"","overlay-type":"","overlay-color":"","overlay-opacity":"","overlay-gradient":""},"tablet":{"background-color":"var(--ast-global-color-5)","background-image":"","background-repeat":"repeat","background-position":"center center","background-size":"auto","background-attachment":"scroll","background-type":"","background-media":"","overlay-type":"","overlay-color":"","overlay-opacity":"","overlay-gradient":""},"mobile":{"background-color":"var(--ast-global-color-5)","background-image":"","background-repeat":"repeat","background-position":"center center","background-size":"auto","background-attachment":"scroll","background-type":"","background-media":"","overlay-type":"","overlay-color":"","overlay-opacity":"","overlay-gradient":""}},"footnotes":""},"class_list":["post-2675","page","type-page","status-publish","hentry"],"yoast_head":"<!-- This site is optimized with the Yoast SEO plugin v27.5 - https:\/\/yoast.com\/product\/yoast-seo-wordpress\/ -->\n<title>Vote By Mail &#8226; Lincoln County, NC Democratic Party<\/title>\n<meta name=\"robots\" content=\"index, follow, max-snippet:-1, max-image-preview:large, max-video-preview:-1\" \/>\n<link rel=\"canonical\" href=\"https:\/\/lincolndems.org\/es\/vote-by-mail\/\" \/>\n<meta property=\"og:locale\" content=\"es_ES\" \/>\n<meta property=\"og:type\" content=\"article\" \/>\n<meta property=\"og:title\" content=\"Vote By Mail &#8226; Lincoln County, NC Democratic Party\" \/>\n<meta property=\"og:url\" content=\"https:\/\/lincolndems.org\/es\/vote-by-mail\/\" \/>\n<meta property=\"og:site_name\" content=\"Lincoln County, NC Democratic Party\" \/>\n<meta property=\"article:publisher\" content=\"https:\/\/www.facebook.com\/LCNCDP\" \/>\n<meta property=\"article:modified_time\" content=\"2020-09-12T15:17:03+00:00\" \/>\n<meta property=\"og:image\" content=\"https:\/\/lincolndems.org\/wp9\/wp-content\/uploads\/2019\/08\/fb-box.png\" \/>\n\t<meta property=\"og:image:width\" content=\"512\" \/>\n\t<meta property=\"og:image:height\" content=\"512\" \/>\n\t<meta property=\"og:image:type\" content=\"image\/png\" \/>\n<meta name=\"twitter:card\" content=\"summary_large_image\" \/>\n<meta name=\"twitter:label1\" content=\"Tiempo de lectura\" \/>\n\t<meta name=\"twitter:data1\" content=\"5 minutos\" \/>\n<script type=\"application\/ld+json\" class=\"yoast-schema-graph\">{\"@context\":\"https:\\\/\\\/schema.org\",\"@graph\":[{\"@type\":\"WebPage\",\"@id\":\"https:\\\/\\\/lincolndems.org\\\/vote-by-mail\\\/\",\"url\":\"https:\\\/\\\/lincolndems.org\\\/vote-by-mail\\\/\",\"name\":\"Vote By Mail &#8226; Lincoln County, NC Democratic Party\",\"isPartOf\":{\"@id\":\"https:\\\/\\\/lincolndems.org\\\/#website\"},\"datePublished\":\"2020-09-11T03:16:22+00:00\",\"dateModified\":\"2020-09-12T15:17:03+00:00\",\"breadcrumb\":{\"@id\":\"https:\\\/\\\/lincolndems.org\\\/vote-by-mail\\\/#breadcrumb\"},\"inLanguage\":\"es\",\"potentialAction\":[{\"@type\":\"ReadAction\",\"target\":[\"https:\\\/\\\/lincolndems.org\\\/vote-by-mail\\\/\"]}]},{\"@type\":\"BreadcrumbList\",\"@id\":\"https:\\\/\\\/lincolndems.org\\\/vote-by-mail\\\/#breadcrumb\",\"itemListElement\":[{\"@type\":\"ListItem\",\"position\":1,\"name\":\"Home\",\"item\":\"https:\\\/\\\/lincolndems.org\\\/\"},{\"@type\":\"ListItem\",\"position\":2,\"name\":\"Vote By Mail\"}]},{\"@type\":\"WebSite\",\"@id\":\"https:\\\/\\\/lincolndems.org\\\/#website\",\"url\":\"https:\\\/\\\/lincolndems.org\\\/\",\"name\":\"Lincoln County, NC Democratic Party\",\"description\":\"Lincolnton, NC\",\"publisher\":{\"@id\":\"https:\\\/\\\/lincolndems.org\\\/#organization\"},\"potentialAction\":[{\"@type\":\"SearchAction\",\"target\":{\"@type\":\"EntryPoint\",\"urlTemplate\":\"https:\\\/\\\/lincolndems.org\\\/?s={search_term_string}\"},\"query-input\":{\"@type\":\"PropertyValueSpecification\",\"valueRequired\":true,\"valueName\":\"search_term_string\"}}],\"inLanguage\":\"es\"},{\"@type\":\"Organization\",\"@id\":\"https:\\\/\\\/lincolndems.org\\\/#organization\",\"name\":\"Lincoln County, NC Democratic Party\",\"url\":\"https:\\\/\\\/lincolndems.org\\\/\",\"logo\":{\"@type\":\"ImageObject\",\"inLanguage\":\"es\",\"@id\":\"https:\\\/\\\/lincolndems.org\\\/#\\\/schema\\\/logo\\\/image\\\/\",\"url\":\"https:\\\/\\\/i0.wp.com\\\/lincolndems.org\\\/wp9\\\/wp-content\\\/uploads\\\/2016\\\/08\\\/box.jpg?fit=704%2C442&ssl=1\",\"contentUrl\":\"https:\\\/\\\/i0.wp.com\\\/lincolndems.org\\\/wp9\\\/wp-content\\\/uploads\\\/2016\\\/08\\\/box.jpg?fit=704%2C442&ssl=1\",\"width\":704,\"height\":442,\"caption\":\"Lincoln County, NC Democratic Party\"},\"image\":{\"@id\":\"https:\\\/\\\/lincolndems.org\\\/#\\\/schema\\\/logo\\\/image\\\/\"},\"sameAs\":[\"https:\\\/\\\/www.facebook.com\\\/LCNCDP\"]}]}<\/script>\n<!-- \/ Yoast SEO plugin. -->","yoast_head_json":{"title":"Vote By Mail &#8226; Lincoln County, NC Democratic Party","robots":{"index":"index","follow":"follow","max-snippet":"max-snippet:-1","max-image-preview":"max-image-preview:large","max-video-preview":"max-video-preview:-1"},"canonical":"https:\/\/lincolndems.org\/es\/vote-by-mail\/","og_locale":"es_ES","og_type":"article","og_title":"Vote By Mail &#8226; Lincoln County, NC Democratic Party","og_url":"https:\/\/lincolndems.org\/es\/vote-by-mail\/","og_site_name":"Lincoln County, NC Democratic Party","article_publisher":"https:\/\/www.facebook.com\/LCNCDP","article_modified_time":"2020-09-12T15:17:03+00:00","og_image":[{"width":512,"height":512,"url":"https:\/\/lincolndems.org\/wp9\/wp-content\/uploads\/2019\/08\/fb-box.png","type":"image\/png"}],"twitter_card":"summary_large_image","twitter_misc":{"Tiempo de lectura":"5 minutos"},"schema":{"@context":"https:\/\/schema.org","@graph":[{"@type":"WebPage","@id":"https:\/\/lincolndems.org\/vote-by-mail\/","url":"https:\/\/lincolndems.org\/vote-by-mail\/","name":"Vote By Mail &#8226; Lincoln County, NC Democratic Party","isPartOf":{"@id":"https:\/\/lincolndems.org\/#website"},"datePublished":"2020-09-11T03:16:22+00:00","dateModified":"2020-09-12T15:17:03+00:00","breadcrumb":{"@id":"https:\/\/lincolndems.org\/vote-by-mail\/#breadcrumb"},"inLanguage":"es","potentialAction":[{"@type":"ReadAction","target":["https:\/\/lincolndems.org\/vote-by-mail\/"]}]},{"@type":"BreadcrumbList","@id":"https:\/\/lincolndems.org\/vote-by-mail\/#breadcrumb","itemListElement":[{"@type":"ListItem","position":1,"name":"Home","item":"https:\/\/lincolndems.org\/"},{"@type":"ListItem","position":2,"name":"Vote By Mail"}]},{"@type":"WebSite","@id":"https:\/\/lincolndems.org\/#website","url":"https:\/\/lincolndems.org\/","name":"Lincoln County, NC Democratic Party","description":"Lincolnton, NC","publisher":{"@id":"https:\/\/lincolndems.org\/#organization"},"potentialAction":[{"@type":"SearchAction","target":{"@type":"EntryPoint","urlTemplate":"https:\/\/lincolndems.org\/?s={search_term_string}"},"query-input":{"@type":"PropertyValueSpecification","valueRequired":true,"valueName":"search_term_string"}}],"inLanguage":"es"},{"@type":"Organization","@id":"https:\/\/lincolndems.org\/#organization","name":"Lincoln County, NC Democratic Party","url":"https:\/\/lincolndems.org\/","logo":{"@type":"ImageObject","inLanguage":"es","@id":"https:\/\/lincolndems.org\/#\/schema\/logo\/image\/","url":"https:\/\/i0.wp.com\/lincolndems.org\/wp9\/wp-content\/uploads\/2016\/08\/box.jpg?fit=704%2C442&ssl=1","contentUrl":"https:\/\/i0.wp.com\/lincolndems.org\/wp9\/wp-content\/uploads\/2016\/08\/box.jpg?fit=704%2C442&ssl=1","width":704,"height":442,"caption":"Lincoln County, NC Democratic Party"},"image":{"@id":"https:\/\/lincolndems.org\/#\/schema\/logo\/image\/"},"sameAs":["https:\/\/www.facebook.com\/LCNCDP"]}]}},"_links":{"self":[{"href":"https:\/\/lincolndems.org\/es\/wp-json\/wp\/v2\/pages\/2675","targetHints":{"allow":["GET"]}}],"collection":[{"href":"https:\/\/lincolndems.org\/es\/wp-json\/wp\/v2\/pages"}],"about":[{"href":"https:\/\/lincolndems.org\/es\/wp-json\/wp\/v2\/types\/page"}],"author":[{"embeddable":true,"href":"https:\/\/lincolndems.org\/es\/wp-json\/wp\/v2\/users\/5"}],"replies":[{"embeddable":true,"href":"https:\/\/lincolndems.org\/es\/wp-json\/wp\/v2\/comments?post=2675"}],"version-history":[{"count":10,"href":"https:\/\/lincolndems.org\/es\/wp-json\/wp\/v2\/pages\/2675\/revisions"}],"predecessor-version":[{"id":2765,"href":"https:\/\/lincolndems.org\/es\/wp-json\/wp\/v2\/pages\/2675\/revisions\/2765"}],"wp:attachment":[{"href":"https:\/\/lincolndems.org\/es\/wp-json\/wp\/v2\/media?parent=2675"}],"curies":[{"name":"wp","href":"https:\/\/api.w.org\/{rel}","templated":true}]}}