{"id":2646,"date":"2020-09-10T21:26:02","date_gmt":"2020-09-11T01:26:02","guid":{"rendered":"https:\/\/lincolndems.org\/?page_id=2646"},"modified":"2020-09-10T22:25:24","modified_gmt":"2020-09-11T02:25:24","slug":"early-voting","status":"publish","type":"page","link":"https:\/\/lincolndems.org\/es\/early-voting\/","title":{"rendered":"Early Voting"},"content":{"rendered":"<div class=\"su-row\">\n<div class=\"su-column su-column-size-1-2\"><div class=\"su-column-inner su-u-clearfix su-u-trim\"><\/div><\/div>\n<div class=\"su-box su-box-style-default\" id=\"\" style=\"border-color:#003284;border-radius:3px;max-width:none\"><div class=\"su-box-title\" style=\"background-color:#1C65B7;color:#FFFFFF;border-top-left-radius:1px;border-top-right-radius:1px\">One-Stop Early Voting \/ Per\u00edodo de votaci\u00f3n anticipada: October 15 to October 31  <\/div><div class=\"su-box-content su-u-clearfix su-u-trim\" style=\"border-bottom-left-radius:1px;border-bottom-right-radius:1px\">\n<p>Any registered voter or eligible individual may cast an absentee ballot in person during the early voting period.\u00a0 During early voting, voters may cast a ballot at any early voting site in their county. On Election Day, however, registered voters <strong>must<\/strong> vote at their assigned precinct. You may also register to vote at One-Stop, however, you cannot register to vote on November 3.<\/p>\n<p><strong>If you are simultaneously registering and voting<\/strong>\u00a0on the same day during the Early Voting period, you will need to show a document that has your\u00a0<em>name and your current address\u00a0<\/em>listed on it. This can be a utility bill, pay stub, bank statement, or a document from a government agency, such as a North Carolina DMV license or identification card.<\/p>\n<p><strong>If you are a college student,<\/strong>\u00a0you may show a college ID, along with a document from your college listing your\u00a0<em>current residential address<\/em>.<\/p>\n<hr \/>\n<p>Cualquier elector registrado o individuo elegible puede emitir una boleta en ausencia en persona durante el per\u00edodo de votaci\u00f3n temprana.\u00a0 Durante la votaci\u00f3n anticipada, los electores pueden emitir una boleta en cualquier sitio de votaci\u00f3n anticipada en su condado. El d\u00eda de las elecciones, sin embargo, los electores registrados deben votar en su distrito asignado. Tambi\u00e9n puede registrarse para votar en One-Stop, sin embargo, no puede registrarse para votar el 3 de noviembre.<\/p>\n<p><strong>Si se est\u00e1 registrando y votando simult\u00e1neamente<\/strong> el mismo d\u00eda durante el per\u00edodo de Votaci\u00f3n Temprana, deber\u00e1 mostrar un documento que tenga su nombre y su direcci\u00f3n actual en la lista. Esto puede ser una factura de servicios p\u00fablicos, tal\u00f3n de pago, extracto bancario o un documento de una agencia gubernamental, como una licencia de DMV de Carolina del Norte o una tarjeta de identificaci\u00f3n.<\/p>\n<p><strong>Si usted es un estudiante universitario<\/strong>, puede mostrar una identificaci\u00f3n de la universidad, junto con un documento de su universidad que enumera su direcci\u00f3n residencial actual.<\/p>\n<p><span style=\"color: #ff6600;\"><span style=\"color: #000000;\">Recommendation:<\/span> <strong>VOTE EARLY<\/strong><\/span> in the One-Stop period to avoid crowded times due to COVID and any other potential problems. \/ en el per\u00edodo One-Stop para evitar tiempos de hacinamiento debido a COVID y cualquier otro problema potencial.<\/p>\n<p>Note: <strong><span style=\"color: #ff6600;\">Photo ID is NOT Required to Vote \/ La identificaci\u00f3n de la foto no es necesaria para votar.<\/span><\/strong><\/p>\n<div class=\"vlp-link-container vlp-layout-basic\"><a href=\"https:\/\/lincolndems.org\/wp-content\/uploads\/2020\/08\/2020-One-Stop-General-Elections-Voting-Sites-and-Hours.pdf\" class=\"vlp-link\" title=\"2020 Lincoln County One-Stop Early Voting Locations &amp; Schedule\" rel=\"nofollow\" target=\"_blank\"><\/a><div class=\"vlp-layout-zone-main\"><div class=\"vlp-block-0 vlp-link-title\">2020 Lincoln County One-Stop Early Voting Locations &amp; Schedule<\/div><div class=\"vlp-block-1 vlp-link-summary\">This is the schedule for where and when One-Stop Early Voting will occur for the 2020 General Election. <\/div><\/div><\/div>\n<a href=\"https:\/\/lincolndems.org\/wp-content\/uploads\/2020\/09\/2020_General_ONESTOP-Schedule.pdf\" class=\"pdfemb-viewer\" style=\"\" data-width=\"max\" data-height=\"max\" data-toolbar=\"top\" data-toolbar-fixed=\"off\">2020_General_ONESTOP Schedule<\/a>\n<\/div><\/div>\n<\/div>\n<p>&nbsp;<\/p>","protected":false},"excerpt":{"rendered":"<p>&nbsp;<\/p>","protected":false},"author":5,"featured_media":0,"parent":0,"menu_order":0,"comment_status":"closed","ping_status":"closed","template":"","meta":{"site-sidebar-layout":"default","site-content-layout":"","ast-site-content-layout":"default","site-content-style":"default","site-sidebar-style":"default","ast-global-header-display":"","ast-banner-title-visibility":"","ast-main-header-display":"","ast-hfb-above-header-display":"","ast-hfb-below-header-display":"","ast-hfb-mobile-header-display":"","site-post-title":"","ast-breadcrumbs-content":"","ast-featured-img":"","footer-sml-layout":"","ast-disable-related-posts":"","theme-transparent-header-meta":"","adv-header-id-meta":"","stick-header-meta":"","header-above-stick-meta":"","header-main-stick-meta":"","header-below-stick-meta":"","astra-migrate-meta-layouts":"default","ast-page-background-enabled":"default","ast-page-background-meta":{"desktop":{"background-color":"","background-image":"","background-repeat":"repeat","background-position":"center center","background-size":"auto","background-attachment":"scroll","background-type":"","background-media":"","overlay-type":"","overlay-color":"","overlay-opacity":"","overlay-gradient":""},"tablet":{"background-color":"","background-image":"","background-repeat":"repeat","background-position":"center center","background-size":"auto","background-attachment":"scroll","background-type":"","background-media":"","overlay-type":"","overlay-color":"","overlay-opacity":"","overlay-gradient":""},"mobile":{"background-color":"","background-image":"","background-repeat":"repeat","background-position":"center center","background-size":"auto","background-attachment":"scroll","background-type":"","background-media":"","overlay-type":"","overlay-color":"","overlay-opacity":"","overlay-gradient":""}},"ast-content-background-meta":{"desktop":{"background-color":"var(--ast-global-color-5)","background-image":"","background-repeat":"repeat","background-position":"center center","background-size":"auto","background-attachment":"scroll","background-type":"","background-media":"","overlay-type":"","overlay-color":"","overlay-opacity":"","overlay-gradient":""},"tablet":{"background-color":"var(--ast-global-color-5)","background-image":"","background-repeat":"repeat","background-position":"center center","background-size":"auto","background-attachment":"scroll","background-type":"","background-media":"","overlay-type":"","overlay-color":"","overlay-opacity":"","overlay-gradient":""},"mobile":{"background-color":"var(--ast-global-color-5)","background-image":"","background-repeat":"repeat","background-position":"center center","background-size":"auto","background-attachment":"scroll","background-type":"","background-media":"","overlay-type":"","overlay-color":"","overlay-opacity":"","overlay-gradient":""}},"footnotes":""},"class_list":["post-2646","page","type-page","status-publish","hentry"],"yoast_head":"<!-- This site is optimized with the Yoast SEO plugin v27.5 - https:\/\/yoast.com\/product\/yoast-seo-wordpress\/ -->\n<title>Early Voting &#8226; Lincoln County, NC Democratic Party<\/title>\n<meta name=\"robots\" content=\"index, follow, max-snippet:-1, max-image-preview:large, max-video-preview:-1\" \/>\n<link rel=\"canonical\" href=\"https:\/\/lincolndems.org\/es\/early-voting\/\" \/>\n<meta property=\"og:locale\" content=\"es_ES\" \/>\n<meta property=\"og:type\" content=\"article\" \/>\n<meta property=\"og:title\" content=\"Early Voting &#8226; Lincoln County, NC Democratic Party\" \/>\n<meta property=\"og:description\" content=\"&nbsp;\" \/>\n<meta property=\"og:url\" content=\"https:\/\/lincolndems.org\/es\/early-voting\/\" \/>\n<meta property=\"og:site_name\" content=\"Lincoln County, NC Democratic Party\" \/>\n<meta property=\"article:publisher\" content=\"https:\/\/www.facebook.com\/LCNCDP\" \/>\n<meta property=\"article:modified_time\" content=\"2020-09-11T02:25:24+00:00\" \/>\n<meta property=\"og:image\" content=\"https:\/\/lincolndems.org\/wp9\/wp-content\/uploads\/2019\/08\/fb-box.png\" \/>\n\t<meta property=\"og:image:width\" content=\"512\" \/>\n\t<meta property=\"og:image:height\" content=\"512\" \/>\n\t<meta property=\"og:image:type\" content=\"image\/png\" \/>\n<meta name=\"twitter:card\" content=\"summary_large_image\" \/>\n<meta name=\"twitter:label1\" content=\"Tiempo de lectura\" \/>\n\t<meta name=\"twitter:data1\" content=\"2 minutos\" \/>\n<script type=\"application\/ld+json\" class=\"yoast-schema-graph\">{\"@context\":\"https:\\\/\\\/schema.org\",\"@graph\":[{\"@type\":\"WebPage\",\"@id\":\"https:\\\/\\\/lincolndems.org\\\/early-voting\\\/\",\"url\":\"https:\\\/\\\/lincolndems.org\\\/early-voting\\\/\",\"name\":\"Early Voting &#8226; Lincoln County, NC Democratic Party\",\"isPartOf\":{\"@id\":\"https:\\\/\\\/lincolndems.org\\\/#website\"},\"datePublished\":\"2020-09-11T01:26:02+00:00\",\"dateModified\":\"2020-09-11T02:25:24+00:00\",\"breadcrumb\":{\"@id\":\"https:\\\/\\\/lincolndems.org\\\/early-voting\\\/#breadcrumb\"},\"inLanguage\":\"es\",\"potentialAction\":[{\"@type\":\"ReadAction\",\"target\":[\"https:\\\/\\\/lincolndems.org\\\/early-voting\\\/\"]}]},{\"@type\":\"BreadcrumbList\",\"@id\":\"https:\\\/\\\/lincolndems.org\\\/early-voting\\\/#breadcrumb\",\"itemListElement\":[{\"@type\":\"ListItem\",\"position\":1,\"name\":\"Home\",\"item\":\"https:\\\/\\\/lincolndems.org\\\/\"},{\"@type\":\"ListItem\",\"position\":2,\"name\":\"Early Voting\"}]},{\"@type\":\"WebSite\",\"@id\":\"https:\\\/\\\/lincolndems.org\\\/#website\",\"url\":\"https:\\\/\\\/lincolndems.org\\\/\",\"name\":\"Lincoln County, NC Democratic Party\",\"description\":\"Lincolnton, NC\",\"publisher\":{\"@id\":\"https:\\\/\\\/lincolndems.org\\\/#organization\"},\"potentialAction\":[{\"@type\":\"SearchAction\",\"target\":{\"@type\":\"EntryPoint\",\"urlTemplate\":\"https:\\\/\\\/lincolndems.org\\\/?s={search_term_string}\"},\"query-input\":{\"@type\":\"PropertyValueSpecification\",\"valueRequired\":true,\"valueName\":\"search_term_string\"}}],\"inLanguage\":\"es\"},{\"@type\":\"Organization\",\"@id\":\"https:\\\/\\\/lincolndems.org\\\/#organization\",\"name\":\"Lincoln County, NC Democratic Party\",\"url\":\"https:\\\/\\\/lincolndems.org\\\/\",\"logo\":{\"@type\":\"ImageObject\",\"inLanguage\":\"es\",\"@id\":\"https:\\\/\\\/lincolndems.org\\\/#\\\/schema\\\/logo\\\/image\\\/\",\"url\":\"https:\\\/\\\/i0.wp.com\\\/lincolndems.org\\\/wp9\\\/wp-content\\\/uploads\\\/2016\\\/08\\\/box.jpg?fit=704%2C442&ssl=1\",\"contentUrl\":\"https:\\\/\\\/i0.wp.com\\\/lincolndems.org\\\/wp9\\\/wp-content\\\/uploads\\\/2016\\\/08\\\/box.jpg?fit=704%2C442&ssl=1\",\"width\":704,\"height\":442,\"caption\":\"Lincoln County, NC Democratic Party\"},\"image\":{\"@id\":\"https:\\\/\\\/lincolndems.org\\\/#\\\/schema\\\/logo\\\/image\\\/\"},\"sameAs\":[\"https:\\\/\\\/www.facebook.com\\\/LCNCDP\"]}]}<\/script>\n<!-- \/ Yoast SEO plugin. -->","yoast_head_json":{"title":"Early Voting &#8226; Lincoln County, NC Democratic Party","robots":{"index":"index","follow":"follow","max-snippet":"max-snippet:-1","max-image-preview":"max-image-preview:large","max-video-preview":"max-video-preview:-1"},"canonical":"https:\/\/lincolndems.org\/es\/early-voting\/","og_locale":"es_ES","og_type":"article","og_title":"Early Voting &#8226; Lincoln County, NC Democratic Party","og_description":"&nbsp;","og_url":"https:\/\/lincolndems.org\/es\/early-voting\/","og_site_name":"Lincoln County, NC Democratic Party","article_publisher":"https:\/\/www.facebook.com\/LCNCDP","article_modified_time":"2020-09-11T02:25:24+00:00","og_image":[{"width":512,"height":512,"url":"https:\/\/lincolndems.org\/wp9\/wp-content\/uploads\/2019\/08\/fb-box.png","type":"image\/png"}],"twitter_card":"summary_large_image","twitter_misc":{"Tiempo de lectura":"2 minutos"},"schema":{"@context":"https:\/\/schema.org","@graph":[{"@type":"WebPage","@id":"https:\/\/lincolndems.org\/early-voting\/","url":"https:\/\/lincolndems.org\/early-voting\/","name":"Early Voting &#8226; Lincoln County, NC Democratic Party","isPartOf":{"@id":"https:\/\/lincolndems.org\/#website"},"datePublished":"2020-09-11T01:26:02+00:00","dateModified":"2020-09-11T02:25:24+00:00","breadcrumb":{"@id":"https:\/\/lincolndems.org\/early-voting\/#breadcrumb"},"inLanguage":"es","potentialAction":[{"@type":"ReadAction","target":["https:\/\/lincolndems.org\/early-voting\/"]}]},{"@type":"BreadcrumbList","@id":"https:\/\/lincolndems.org\/early-voting\/#breadcrumb","itemListElement":[{"@type":"ListItem","position":1,"name":"Home","item":"https:\/\/lincolndems.org\/"},{"@type":"ListItem","position":2,"name":"Early Voting"}]},{"@type":"WebSite","@id":"https:\/\/lincolndems.org\/#website","url":"https:\/\/lincolndems.org\/","name":"Lincoln County, NC Democratic Party","description":"Lincolnton, NC","publisher":{"@id":"https:\/\/lincolndems.org\/#organization"},"potentialAction":[{"@type":"SearchAction","target":{"@type":"EntryPoint","urlTemplate":"https:\/\/lincolndems.org\/?s={search_term_string}"},"query-input":{"@type":"PropertyValueSpecification","valueRequired":true,"valueName":"search_term_string"}}],"inLanguage":"es"},{"@type":"Organization","@id":"https:\/\/lincolndems.org\/#organization","name":"Lincoln County, NC Democratic Party","url":"https:\/\/lincolndems.org\/","logo":{"@type":"ImageObject","inLanguage":"es","@id":"https:\/\/lincolndems.org\/#\/schema\/logo\/image\/","url":"https:\/\/i0.wp.com\/lincolndems.org\/wp9\/wp-content\/uploads\/2016\/08\/box.jpg?fit=704%2C442&ssl=1","contentUrl":"https:\/\/i0.wp.com\/lincolndems.org\/wp9\/wp-content\/uploads\/2016\/08\/box.jpg?fit=704%2C442&ssl=1","width":704,"height":442,"caption":"Lincoln County, NC Democratic Party"},"image":{"@id":"https:\/\/lincolndems.org\/#\/schema\/logo\/image\/"},"sameAs":["https:\/\/www.facebook.com\/LCNCDP"]}]}},"_links":{"self":[{"href":"https:\/\/lincolndems.org\/es\/wp-json\/wp\/v2\/pages\/2646","targetHints":{"allow":["GET"]}}],"collection":[{"href":"https:\/\/lincolndems.org\/es\/wp-json\/wp\/v2\/pages"}],"about":[{"href":"https:\/\/lincolndems.org\/es\/wp-json\/wp\/v2\/types\/page"}],"author":[{"embeddable":true,"href":"https:\/\/lincolndems.org\/es\/wp-json\/wp\/v2\/users\/5"}],"replies":[{"embeddable":true,"href":"https:\/\/lincolndems.org\/es\/wp-json\/wp\/v2\/comments?post=2646"}],"version-history":[{"count":27,"href":"https:\/\/lincolndems.org\/es\/wp-json\/wp\/v2\/pages\/2646\/revisions"}],"predecessor-version":[{"id":2674,"href":"https:\/\/lincolndems.org\/es\/wp-json\/wp\/v2\/pages\/2646\/revisions\/2674"}],"wp:attachment":[{"href":"https:\/\/lincolndems.org\/es\/wp-json\/wp\/v2\/media?parent=2646"}],"curies":[{"name":"wp","href":"https:\/\/api.w.org\/{rel}","templated":true}]}}