{"id":19,"date":"2016-08-29T16:53:19","date_gmt":"2016-08-29T20:53:19","guid":{"rendered":"https:\/\/lincolndems.org\/wp9\/?page_id=19"},"modified":"2024-10-18T12:04:55","modified_gmt":"2024-10-18T16:04:55","slug":"about-us","status":"publish","type":"page","link":"https:\/\/lincolndems.org\/es\/about-us\/","title":{"rendered":"Sobre nosotros"},"content":{"rendered":"<div data-elementor-type=\"wp-page\" data-elementor-id=\"19\" class=\"elementor elementor-19\" data-elementor-settings=\"{&quot;ha_cmc_init_switcher&quot;:&quot;no&quot;}\" data-elementor-post-type=\"page\">\n\t\t\t\t\t\t<section class=\"elementor-section elementor-top-section elementor-element elementor-element-6468ada5 elementor-section-boxed elementor-section-height-default elementor-section-height-default\" data-id=\"6468ada5\" data-element_type=\"section\" data-e-type=\"section\">\n\t\t\t\t\t\t<div class=\"elementor-container elementor-column-gap-default\">\n\t\t\t\t\t<div class=\"elementor-column elementor-col-100 elementor-top-column elementor-element elementor-element-5aa54e6e\" data-id=\"5aa54e6e\" data-element_type=\"column\" data-e-type=\"column\">\n\t\t\t<div class=\"elementor-widget-wrap elementor-element-populated\">\n\t\t\t\t\t\t<div class=\"elementor-element elementor-element-3d04e8de elementor-widget elementor-widget-text-editor\" data-id=\"3d04e8de\" data-element_type=\"widget\" data-e-type=\"widget\" data-widget_type=\"text-editor.default\">\n\t\t\t\t<div class=\"elementor-widget-container\">\n\t\t\t\t\t\t\t\t\t<p><strong>L<\/strong><b>El condado de Lincoln, Carolina del Norte, alberga a 86,810 ciudadanos seg\u00fan el censo de 2020.  Geogr\u00e1ficamente, el condado de Lincoln se extiende desde la ciudad de Denver y el lago Norman en el este hasta la ciudad de Tuluca y las estribaciones en el oeste.<\/b><\/p>\n<p><b>El condado se form\u00f3 en 1779 y recibi\u00f3 el nombre de Benjamin Lincoln, general del ej\u00e9rcito continental, un subordinado directo de George Washington durante la Guerra Revolucionaria Americana.  El Partido Dem\u00f3crata del Condado de Lincoln se alinea con la larga historia del patriotismo estadounidense en el Condado de Lincoln.  Somos leales a la Constituci\u00f3n de los Estados Unidos y estamos dedicados a mejorar las vidas de los ciudadanos del condado de Lincoln.<\/b><\/p>\n<p><b>El este del condado de Lincoln ha experimentado un crecimiento sustancial y se considera una comunidad dormitorio de Charlotte. Sin embargo, debido a nuestra extensa geograf\u00eda, el condado de Lincoln sigue siendo una comunidad rural.  Esto crea necesidades y desaf\u00edos \u00fanicos para todos nuestros ciudadanos.<\/b><\/p>\n<ul>\n<li><b>Los dem\u00f3cratas del condado de Lincoln apoyan el proyecto de ley bipartidista de infraestructura del presidente Biden y esperamos mejorar nuestras carreteras, puentes, l\u00edneas ferroviarias, ampliar el acceso al agua potable e Internet de alta velocidad, particularmente en la parte occidental del condado.<\/b><\/li>\n<li><b>Los dem\u00f3cratas del condado de Lincoln trabajan para garantizar que nuestras escuelas p\u00fablicas tengan los recursos necesarios para brindar una educaci\u00f3n sobresaliente a todos los estudiantes.<\/b><\/li>\n<li><b>Los dem\u00f3cratas del condado de Lincoln creen que la igualdad salarial por el mismo trabajo y el aumento del salario m\u00ednimo.  Apoyamos los esfuerzos de la C\u00e1mara de Comercio del Condado de Lincoln para atraer empresas que creen m\u00e1s empleos y oportunidades para los residentes del Condado de Lincoln.<\/b><\/li>\n<li><b>Los dem\u00f3cratas del condado de Lincoln luchan para salvaguardar el acceso a una atenci\u00f3n m\u00e9dica de calidad para todos en el condado.<\/b><\/li>\n<li><b>Los dem\u00f3cratas del condado de Lincoln son inclusivos y se comprometen a proteger los derechos de todas las personas independientemente de su raza, religi\u00f3n, g\u00e9nero, orientaci\u00f3n sexual o situaci\u00f3n econ\u00f3mica.<\/b><\/li>\n<li><b>Lincoln County Democrats and Democrats from across the state are united by shared values that define who we are and what we stand for.<\/b><\/li>\n<\/ul>\t\t\t\t\t\t\t\t<\/div>\n\t\t\t\t<\/div>\n\t\t\t\t\t<\/div>\n\t\t<\/div>\n\t\t\t\t\t<\/div>\n\t\t<\/section>\n\t\t<div class=\"elementor-element elementor-element-4c28eaf e-flex e-con-boxed e-con e-parent\" data-id=\"4c28eaf\" data-element_type=\"container\" data-e-type=\"container\">\n\t\t\t\t\t<div class=\"e-con-inner\">\n\t\t\t\t\t<\/div>\n\t\t\t\t<\/div>\n\t\t\t\t<\/div>","protected":false},"excerpt":{"rendered":"<p>Lincoln County North Carolina is home to 86,810 citizens reported by the 2020 census.&nbsp; Geographically, Lincoln County stretches from the town of Denver and Lake Norman in the east to [&hellip;]<\/p>\n","protected":false},"author":1,"featured_media":0,"parent":0,"menu_order":0,"comment_status":"closed","ping_status":"closed","template":"","meta":{"site-sidebar-layout":"default","site-content-layout":"default","ast-site-content-layout":"default","site-content-style":"default","site-sidebar-style":"default","ast-global-header-display":"","ast-banner-title-visibility":"","ast-main-header-display":"","ast-hfb-above-header-display":"","ast-hfb-below-header-display":"","ast-hfb-mobile-header-display":"","site-post-title":"","ast-breadcrumbs-content":"","ast-featured-img":"","footer-sml-layout":"","ast-disable-related-posts":"","theme-transparent-header-meta":"default","adv-header-id-meta":"","stick-header-meta":"","header-above-stick-meta":"","header-main-stick-meta":"","header-below-stick-meta":"","astra-migrate-meta-layouts":"set","ast-page-background-enabled":"default","ast-page-background-meta":{"desktop":{"background-color":"","background-image":"","background-repeat":"repeat","background-position":"center center","background-size":"auto","background-attachment":"scroll","background-type":"","background-media":"","overlay-type":"","overlay-color":"","overlay-opacity":"","overlay-gradient":""},"tablet":{"background-color":"","background-image":"","background-repeat":"repeat","background-position":"center center","background-size":"auto","background-attachment":"scroll","background-type":"","background-media":"","overlay-type":"","overlay-color":"","overlay-opacity":"","overlay-gradient":""},"mobile":{"background-color":"","background-image":"","background-repeat":"repeat","background-position":"center center","background-size":"auto","background-attachment":"scroll","background-type":"","background-media":"","overlay-type":"","overlay-color":"","overlay-opacity":"","overlay-gradient":""}},"ast-content-background-meta":{"desktop":{"background-color":"var(--ast-global-color-5)","background-image":"","background-repeat":"repeat","background-position":"center center","background-size":"auto","background-attachment":"scroll","background-type":"","background-media":"","overlay-type":"","overlay-color":"","overlay-opacity":"","overlay-gradient":""},"tablet":{"background-color":"var(--ast-global-color-5)","background-image":"","background-repeat":"repeat","background-position":"center center","background-size":"auto","background-attachment":"scroll","background-type":"","background-media":"","overlay-type":"","overlay-color":"","overlay-opacity":"","overlay-gradient":""},"mobile":{"background-color":"var(--ast-global-color-5)","background-image":"","background-repeat":"repeat","background-position":"center center","background-size":"auto","background-attachment":"scroll","background-type":"","background-media":"","overlay-type":"","overlay-color":"","overlay-opacity":"","overlay-gradient":""}},"footnotes":""},"class_list":["post-19","page","type-page","status-publish","hentry"],"yoast_head":"<!-- This site is optimized with the Yoast SEO plugin v27.4 - https:\/\/yoast.com\/product\/yoast-seo-wordpress\/ -->\n<title>About Us &#8226; Lincoln County, NC Democratic Party<\/title>\n<meta name=\"robots\" content=\"index, follow, max-snippet:-1, max-image-preview:large, max-video-preview:-1\" \/>\n<link rel=\"canonical\" href=\"https:\/\/lincolndems.org\/es\/about-us\/\" \/>\n<meta property=\"og:locale\" content=\"es_ES\" \/>\n<meta property=\"og:type\" content=\"article\" \/>\n<meta property=\"og:title\" content=\"About Us &#8226; Lincoln County, NC Democratic Party\" \/>\n<meta property=\"og:description\" content=\"Lincoln County North Carolina is home to 86,810 citizens reported by the 2020 census.&nbsp; Geographically, Lincoln County stretches from the town of Denver and Lake Norman in the east to [&hellip;]\" \/>\n<meta property=\"og:url\" content=\"https:\/\/lincolndems.org\/es\/about-us\/\" \/>\n<meta property=\"og:site_name\" content=\"Lincoln County, NC Democratic Party\" \/>\n<meta property=\"article:publisher\" content=\"https:\/\/www.facebook.com\/LCNCDP\" \/>\n<meta property=\"article:modified_time\" content=\"2024-10-18T16:04:55+00:00\" \/>\n<meta property=\"og:image\" content=\"https:\/\/lincolndems.org\/wp9\/wp-content\/uploads\/2019\/08\/fb-box.png\" \/>\n\t<meta property=\"og:image:width\" content=\"512\" \/>\n\t<meta property=\"og:image:height\" content=\"512\" \/>\n\t<meta property=\"og:image:type\" content=\"image\/png\" \/>\n<meta name=\"twitter:card\" content=\"summary_large_image\" \/>\n<meta name=\"twitter:label1\" content=\"Tiempo de lectura\" \/>\n\t<meta name=\"twitter:data1\" content=\"2 minutos\" \/>\n<script type=\"application\/ld+json\" class=\"yoast-schema-graph\">{\"@context\":\"https:\\\/\\\/schema.org\",\"@graph\":[{\"@type\":\"WebPage\",\"@id\":\"https:\\\/\\\/lincolndems.org\\\/about-us\\\/\",\"url\":\"https:\\\/\\\/lincolndems.org\\\/about-us\\\/\",\"name\":\"About Us &#8226; Lincoln County, NC Democratic Party\",\"isPartOf\":{\"@id\":\"https:\\\/\\\/lincolndems.org\\\/#website\"},\"datePublished\":\"2016-08-29T20:53:19+00:00\",\"dateModified\":\"2024-10-18T16:04:55+00:00\",\"breadcrumb\":{\"@id\":\"https:\\\/\\\/lincolndems.org\\\/about-us\\\/#breadcrumb\"},\"inLanguage\":\"es\",\"potentialAction\":[{\"@type\":\"ReadAction\",\"target\":[\"https:\\\/\\\/lincolndems.org\\\/about-us\\\/\"]}]},{\"@type\":\"BreadcrumbList\",\"@id\":\"https:\\\/\\\/lincolndems.org\\\/about-us\\\/#breadcrumb\",\"itemListElement\":[{\"@type\":\"ListItem\",\"position\":1,\"name\":\"Home\",\"item\":\"https:\\\/\\\/lincolndems.org\\\/\"},{\"@type\":\"ListItem\",\"position\":2,\"name\":\"About Us\"}]},{\"@type\":\"WebSite\",\"@id\":\"https:\\\/\\\/lincolndems.org\\\/#website\",\"url\":\"https:\\\/\\\/lincolndems.org\\\/\",\"name\":\"Lincoln County, NC Democratic Party\",\"description\":\"Lincolnton, NC\",\"publisher\":{\"@id\":\"https:\\\/\\\/lincolndems.org\\\/#organization\"},\"potentialAction\":[{\"@type\":\"SearchAction\",\"target\":{\"@type\":\"EntryPoint\",\"urlTemplate\":\"https:\\\/\\\/lincolndems.org\\\/?s={search_term_string}\"},\"query-input\":{\"@type\":\"PropertyValueSpecification\",\"valueRequired\":true,\"valueName\":\"search_term_string\"}}],\"inLanguage\":\"es\"},{\"@type\":\"Organization\",\"@id\":\"https:\\\/\\\/lincolndems.org\\\/#organization\",\"name\":\"Lincoln County, NC Democratic Party\",\"url\":\"https:\\\/\\\/lincolndems.org\\\/\",\"logo\":{\"@type\":\"ImageObject\",\"inLanguage\":\"es\",\"@id\":\"https:\\\/\\\/lincolndems.org\\\/#\\\/schema\\\/logo\\\/image\\\/\",\"url\":\"https:\\\/\\\/i0.wp.com\\\/lincolndems.org\\\/wp9\\\/wp-content\\\/uploads\\\/2016\\\/08\\\/box.jpg?fit=704%2C442&ssl=1\",\"contentUrl\":\"https:\\\/\\\/i0.wp.com\\\/lincolndems.org\\\/wp9\\\/wp-content\\\/uploads\\\/2016\\\/08\\\/box.jpg?fit=704%2C442&ssl=1\",\"width\":704,\"height\":442,\"caption\":\"Lincoln County, NC Democratic Party\"},\"image\":{\"@id\":\"https:\\\/\\\/lincolndems.org\\\/#\\\/schema\\\/logo\\\/image\\\/\"},\"sameAs\":[\"https:\\\/\\\/www.facebook.com\\\/LCNCDP\"]}]}<\/script>\n<!-- \/ Yoast SEO plugin. -->","yoast_head_json":{"title":"About Us &#8226; Lincoln County, NC Democratic Party","robots":{"index":"index","follow":"follow","max-snippet":"max-snippet:-1","max-image-preview":"max-image-preview:large","max-video-preview":"max-video-preview:-1"},"canonical":"https:\/\/lincolndems.org\/es\/about-us\/","og_locale":"es_ES","og_type":"article","og_title":"About Us &#8226; Lincoln County, NC Democratic Party","og_description":"Lincoln County North Carolina is home to 86,810 citizens reported by the 2020 census.&nbsp; Geographically, Lincoln County stretches from the town of Denver and Lake Norman in the east to [&hellip;]","og_url":"https:\/\/lincolndems.org\/es\/about-us\/","og_site_name":"Lincoln County, NC Democratic Party","article_publisher":"https:\/\/www.facebook.com\/LCNCDP","article_modified_time":"2024-10-18T16:04:55+00:00","og_image":[{"width":512,"height":512,"url":"https:\/\/lincolndems.org\/wp9\/wp-content\/uploads\/2019\/08\/fb-box.png","type":"image\/png"}],"twitter_card":"summary_large_image","twitter_misc":{"Tiempo de lectura":"2 minutos"},"schema":{"@context":"https:\/\/schema.org","@graph":[{"@type":"WebPage","@id":"https:\/\/lincolndems.org\/about-us\/","url":"https:\/\/lincolndems.org\/about-us\/","name":"About Us &#8226; Lincoln County, NC Democratic Party","isPartOf":{"@id":"https:\/\/lincolndems.org\/#website"},"datePublished":"2016-08-29T20:53:19+00:00","dateModified":"2024-10-18T16:04:55+00:00","breadcrumb":{"@id":"https:\/\/lincolndems.org\/about-us\/#breadcrumb"},"inLanguage":"es","potentialAction":[{"@type":"ReadAction","target":["https:\/\/lincolndems.org\/about-us\/"]}]},{"@type":"BreadcrumbList","@id":"https:\/\/lincolndems.org\/about-us\/#breadcrumb","itemListElement":[{"@type":"ListItem","position":1,"name":"Home","item":"https:\/\/lincolndems.org\/"},{"@type":"ListItem","position":2,"name":"About Us"}]},{"@type":"WebSite","@id":"https:\/\/lincolndems.org\/#website","url":"https:\/\/lincolndems.org\/","name":"Lincoln County, NC Democratic Party","description":"Lincolnton, NC","publisher":{"@id":"https:\/\/lincolndems.org\/#organization"},"potentialAction":[{"@type":"SearchAction","target":{"@type":"EntryPoint","urlTemplate":"https:\/\/lincolndems.org\/?s={search_term_string}"},"query-input":{"@type":"PropertyValueSpecification","valueRequired":true,"valueName":"search_term_string"}}],"inLanguage":"es"},{"@type":"Organization","@id":"https:\/\/lincolndems.org\/#organization","name":"Lincoln County, NC Democratic Party","url":"https:\/\/lincolndems.org\/","logo":{"@type":"ImageObject","inLanguage":"es","@id":"https:\/\/lincolndems.org\/#\/schema\/logo\/image\/","url":"https:\/\/i0.wp.com\/lincolndems.org\/wp9\/wp-content\/uploads\/2016\/08\/box.jpg?fit=704%2C442&ssl=1","contentUrl":"https:\/\/i0.wp.com\/lincolndems.org\/wp9\/wp-content\/uploads\/2016\/08\/box.jpg?fit=704%2C442&ssl=1","width":704,"height":442,"caption":"Lincoln County, NC Democratic Party"},"image":{"@id":"https:\/\/lincolndems.org\/#\/schema\/logo\/image\/"},"sameAs":["https:\/\/www.facebook.com\/LCNCDP"]}]}},"_links":{"self":[{"href":"https:\/\/lincolndems.org\/es\/wp-json\/wp\/v2\/pages\/19","targetHints":{"allow":["GET"]}}],"collection":[{"href":"https:\/\/lincolndems.org\/es\/wp-json\/wp\/v2\/pages"}],"about":[{"href":"https:\/\/lincolndems.org\/es\/wp-json\/wp\/v2\/types\/page"}],"author":[{"embeddable":true,"href":"https:\/\/lincolndems.org\/es\/wp-json\/wp\/v2\/users\/1"}],"replies":[{"embeddable":true,"href":"https:\/\/lincolndems.org\/es\/wp-json\/wp\/v2\/comments?post=19"}],"version-history":[{"count":43,"href":"https:\/\/lincolndems.org\/es\/wp-json\/wp\/v2\/pages\/19\/revisions"}],"predecessor-version":[{"id":6431,"href":"https:\/\/lincolndems.org\/es\/wp-json\/wp\/v2\/pages\/19\/revisions\/6431"}],"wp:attachment":[{"href":"https:\/\/lincolndems.org\/es\/wp-json\/wp\/v2\/media?parent=19"}],"curies":[{"name":"wp","href":"https:\/\/api.w.org\/{rel}","templated":true}]}}