{"id":1712,"date":"2019-07-12T14:47:37","date_gmt":"2019-07-12T18:47:37","guid":{"rendered":"https:\/\/lincolndems.org\/?page_id=1712"},"modified":"2023-06-30T14:59:34","modified_gmt":"2023-06-30T18:59:34","slug":"elected-officials","status":"publish","type":"page","link":"https:\/\/lincolndems.org\/es\/about-us\/elected-officials\/","title":{"rendered":"Funcionarios electos"},"content":{"rendered":"<p><span style=\"font-size: 16pt;\"><strong>Alcalde Ed Hatley<\/strong> de Lincolnton, Carolina del Norte, es un dem\u00f3crata orgulloso. Conozca m\u00e1s sobre el reciente \u00e9xito econ\u00f3mico que trajo a la ciudad que llamamos hogar.<\/span><span style=\"font-size: 16pt;\"> con el apoyo de los ex miembros dem\u00f3cratas del Concejo Municipal Mary Francis White y Marty Eaddy.\u00a0<\/span><\/p>\n<div class=\"vlp-link-container vlp-layout-spotlight\"><a href=\"https:\/\/businessviewmagazine.com\/lincolnton-north-carolina-lincoln-county\/\" class=\"vlp-link\" title=\"Small Town Character, Big on Business\" rel=\"nofollow\" target=\"_blank\"><\/a><div class=\"vlp-layout-zone-side\"><div class=\"vlp-block-4 vlp-link-image\"><img fetchpriority=\"high\" decoding=\"async\" style=\"max-width: 650px;\" width=\"650\" height=\"365\" src=\"https:\/\/lincolndems.org\/wp9\/wp-content\/uploads\/2023\/06\/edhatley.jpg\" class=\"attachment-large size-large\" alt=\"\" srcset=\"https:\/\/lincolndems.org\/wp9\/wp-content\/uploads\/2023\/06\/edhatley.jpg 650w, https:\/\/lincolndems.org\/wp9\/wp-content\/uploads\/2023\/06\/edhatley-300x168.jpg 300w\" sizes=\"(max-width: 650px) 100vw, 650px\" \/><\/div><\/div><div class=\"vlp-layout-zone-main\"><div class=\"vlp-block-0 vlp-link-title\">Small Town Character, Big on Business<\/div><div class=\"vlp-block-1 vlp-link-summary\">Business View Magazine interviews Ed Hatley, Mayor of Lincolnton, North Carolina, for our focus on Economic Development in U.S. Towns &amp; Cities<\/div><div class=\"vlp-block-2 vlp-link-button\">Leer m\u00e1s<\/div><div class=\"vlp-block-3 vlp-link-url\">businessviewmagazine.com<\/div><\/div><\/div>\n<p><span style=\"font-size: 16pt;\">\u00a0<\/span><\/p>","protected":false},"excerpt":{"rendered":"<p>Mayor Ed Hatley of Lincolnton, NC is a proud Democrat. Learn more about the recent economic success he brought to the town we call home with the support of former [&hellip;]<\/p>\n","protected":false},"author":1,"featured_media":0,"parent":19,"menu_order":0,"comment_status":"closed","ping_status":"closed","template":"","meta":{"site-sidebar-layout":"default","site-content-layout":"","ast-site-content-layout":"default","site-content-style":"default","site-sidebar-style":"default","ast-global-header-display":"","ast-banner-title-visibility":"","ast-main-header-display":"","ast-hfb-above-header-display":"","ast-hfb-below-header-display":"","ast-hfb-mobile-header-display":"","site-post-title":"","ast-breadcrumbs-content":"","ast-featured-img":"","footer-sml-layout":"","ast-disable-related-posts":"","theme-transparent-header-meta":"","adv-header-id-meta":"","stick-header-meta":"","header-above-stick-meta":"","header-main-stick-meta":"","header-below-stick-meta":"","astra-migrate-meta-layouts":"default","ast-page-background-enabled":"default","ast-page-background-meta":{"desktop":{"background-color":"","background-image":"","background-repeat":"repeat","background-position":"center center","background-size":"auto","background-attachment":"scroll","background-type":"","background-media":"","overlay-type":"","overlay-color":"","overlay-opacity":"","overlay-gradient":""},"tablet":{"background-color":"","background-image":"","background-repeat":"repeat","background-position":"center center","background-size":"auto","background-attachment":"scroll","background-type":"","background-media":"","overlay-type":"","overlay-color":"","overlay-opacity":"","overlay-gradient":""},"mobile":{"background-color":"","background-image":"","background-repeat":"repeat","background-position":"center center","background-size":"auto","background-attachment":"scroll","background-type":"","background-media":"","overlay-type":"","overlay-color":"","overlay-opacity":"","overlay-gradient":""}},"ast-content-background-meta":{"desktop":{"background-color":"var(--ast-global-color-5)","background-image":"","background-repeat":"repeat","background-position":"center center","background-size":"auto","background-attachment":"scroll","background-type":"","background-media":"","overlay-type":"","overlay-color":"","overlay-opacity":"","overlay-gradient":""},"tablet":{"background-color":"var(--ast-global-color-5)","background-image":"","background-repeat":"repeat","background-position":"center center","background-size":"auto","background-attachment":"scroll","background-type":"","background-media":"","overlay-type":"","overlay-color":"","overlay-opacity":"","overlay-gradient":""},"mobile":{"background-color":"var(--ast-global-color-5)","background-image":"","background-repeat":"repeat","background-position":"center center","background-size":"auto","background-attachment":"scroll","background-type":"","background-media":"","overlay-type":"","overlay-color":"","overlay-opacity":"","overlay-gradient":""}},"footnotes":""},"class_list":["post-1712","page","type-page","status-publish","hentry"],"yoast_head":"<!-- This site is optimized with the Yoast SEO plugin v27.4 - https:\/\/yoast.com\/product\/yoast-seo-wordpress\/ -->\n<title>Elected Officials &#8226; Lincoln County, NC Democratic Party<\/title>\n<meta name=\"robots\" content=\"index, follow, max-snippet:-1, max-image-preview:large, max-video-preview:-1\" \/>\n<link rel=\"canonical\" href=\"https:\/\/lincolndems.org\/es\/about-us\/elected-officials\/\" \/>\n<meta property=\"og:locale\" content=\"es_ES\" \/>\n<meta property=\"og:type\" content=\"article\" \/>\n<meta property=\"og:title\" content=\"Elected Officials &#8226; Lincoln County, NC Democratic Party\" \/>\n<meta property=\"og:description\" content=\"Mayor Ed Hatley of Lincolnton, NC is a proud Democrat. Learn more about the recent economic success he brought to the town we call home with the support of former [&hellip;]\" \/>\n<meta property=\"og:url\" content=\"https:\/\/lincolndems.org\/es\/about-us\/elected-officials\/\" \/>\n<meta property=\"og:site_name\" content=\"Lincoln County, NC Democratic Party\" \/>\n<meta property=\"article:publisher\" content=\"https:\/\/www.facebook.com\/LCNCDP\" \/>\n<meta property=\"article:modified_time\" content=\"2023-06-30T18:59:34+00:00\" \/>\n<meta property=\"og:image\" content=\"https:\/\/lincolndems.org\/wp9\/wp-content\/uploads\/2019\/08\/fb-box.png\" \/>\n\t<meta property=\"og:image:width\" content=\"512\" \/>\n\t<meta property=\"og:image:height\" content=\"512\" \/>\n\t<meta property=\"og:image:type\" content=\"image\/png\" \/>\n<meta name=\"twitter:card\" content=\"summary_large_image\" \/>\n<meta name=\"twitter:label1\" content=\"Tiempo de lectura\" \/>\n\t<meta name=\"twitter:data1\" content=\"1 minuto\" \/>\n<script type=\"application\/ld+json\" class=\"yoast-schema-graph\">{\"@context\":\"https:\\\/\\\/schema.org\",\"@graph\":[{\"@type\":\"WebPage\",\"@id\":\"https:\\\/\\\/lincolndems.org\\\/about-us\\\/elected-officials\\\/\",\"url\":\"https:\\\/\\\/lincolndems.org\\\/about-us\\\/elected-officials\\\/\",\"name\":\"Elected Officials &#8226; Lincoln County, NC Democratic Party\",\"isPartOf\":{\"@id\":\"https:\\\/\\\/lincolndems.org\\\/#website\"},\"datePublished\":\"2019-07-12T18:47:37+00:00\",\"dateModified\":\"2023-06-30T18:59:34+00:00\",\"breadcrumb\":{\"@id\":\"https:\\\/\\\/lincolndems.org\\\/about-us\\\/elected-officials\\\/#breadcrumb\"},\"inLanguage\":\"es\",\"potentialAction\":[{\"@type\":\"ReadAction\",\"target\":[\"https:\\\/\\\/lincolndems.org\\\/about-us\\\/elected-officials\\\/\"]}]},{\"@type\":\"BreadcrumbList\",\"@id\":\"https:\\\/\\\/lincolndems.org\\\/about-us\\\/elected-officials\\\/#breadcrumb\",\"itemListElement\":[{\"@type\":\"ListItem\",\"position\":1,\"name\":\"Home\",\"item\":\"https:\\\/\\\/lincolndems.org\\\/\"},{\"@type\":\"ListItem\",\"position\":2,\"name\":\"About Us\",\"item\":\"https:\\\/\\\/lincolndems.org\\\/about-us\\\/\"},{\"@type\":\"ListItem\",\"position\":3,\"name\":\"Elected Officials\"}]},{\"@type\":\"WebSite\",\"@id\":\"https:\\\/\\\/lincolndems.org\\\/#website\",\"url\":\"https:\\\/\\\/lincolndems.org\\\/\",\"name\":\"Lincoln County, NC Democratic Party\",\"description\":\"Lincolnton, NC\",\"publisher\":{\"@id\":\"https:\\\/\\\/lincolndems.org\\\/#organization\"},\"potentialAction\":[{\"@type\":\"SearchAction\",\"target\":{\"@type\":\"EntryPoint\",\"urlTemplate\":\"https:\\\/\\\/lincolndems.org\\\/?s={search_term_string}\"},\"query-input\":{\"@type\":\"PropertyValueSpecification\",\"valueRequired\":true,\"valueName\":\"search_term_string\"}}],\"inLanguage\":\"es\"},{\"@type\":\"Organization\",\"@id\":\"https:\\\/\\\/lincolndems.org\\\/#organization\",\"name\":\"Lincoln County, NC Democratic Party\",\"url\":\"https:\\\/\\\/lincolndems.org\\\/\",\"logo\":{\"@type\":\"ImageObject\",\"inLanguage\":\"es\",\"@id\":\"https:\\\/\\\/lincolndems.org\\\/#\\\/schema\\\/logo\\\/image\\\/\",\"url\":\"https:\\\/\\\/i0.wp.com\\\/lincolndems.org\\\/wp9\\\/wp-content\\\/uploads\\\/2016\\\/08\\\/box.jpg?fit=704%2C442&ssl=1\",\"contentUrl\":\"https:\\\/\\\/i0.wp.com\\\/lincolndems.org\\\/wp9\\\/wp-content\\\/uploads\\\/2016\\\/08\\\/box.jpg?fit=704%2C442&ssl=1\",\"width\":704,\"height\":442,\"caption\":\"Lincoln County, NC Democratic Party\"},\"image\":{\"@id\":\"https:\\\/\\\/lincolndems.org\\\/#\\\/schema\\\/logo\\\/image\\\/\"},\"sameAs\":[\"https:\\\/\\\/www.facebook.com\\\/LCNCDP\"]}]}<\/script>\n<!-- \/ Yoast SEO plugin. -->","yoast_head_json":{"title":"Elected Officials &#8226; Lincoln County, NC Democratic Party","robots":{"index":"index","follow":"follow","max-snippet":"max-snippet:-1","max-image-preview":"max-image-preview:large","max-video-preview":"max-video-preview:-1"},"canonical":"https:\/\/lincolndems.org\/es\/about-us\/elected-officials\/","og_locale":"es_ES","og_type":"article","og_title":"Elected Officials &#8226; Lincoln County, NC Democratic Party","og_description":"Mayor Ed Hatley of Lincolnton, NC is a proud Democrat. Learn more about the recent economic success he brought to the town we call home with the support of former [&hellip;]","og_url":"https:\/\/lincolndems.org\/es\/about-us\/elected-officials\/","og_site_name":"Lincoln County, NC Democratic Party","article_publisher":"https:\/\/www.facebook.com\/LCNCDP","article_modified_time":"2023-06-30T18:59:34+00:00","og_image":[{"width":512,"height":512,"url":"https:\/\/lincolndems.org\/wp9\/wp-content\/uploads\/2019\/08\/fb-box.png","type":"image\/png"}],"twitter_card":"summary_large_image","twitter_misc":{"Tiempo de lectura":"1 minuto"},"schema":{"@context":"https:\/\/schema.org","@graph":[{"@type":"WebPage","@id":"https:\/\/lincolndems.org\/about-us\/elected-officials\/","url":"https:\/\/lincolndems.org\/about-us\/elected-officials\/","name":"Elected Officials &#8226; Lincoln County, NC Democratic Party","isPartOf":{"@id":"https:\/\/lincolndems.org\/#website"},"datePublished":"2019-07-12T18:47:37+00:00","dateModified":"2023-06-30T18:59:34+00:00","breadcrumb":{"@id":"https:\/\/lincolndems.org\/about-us\/elected-officials\/#breadcrumb"},"inLanguage":"es","potentialAction":[{"@type":"ReadAction","target":["https:\/\/lincolndems.org\/about-us\/elected-officials\/"]}]},{"@type":"BreadcrumbList","@id":"https:\/\/lincolndems.org\/about-us\/elected-officials\/#breadcrumb","itemListElement":[{"@type":"ListItem","position":1,"name":"Home","item":"https:\/\/lincolndems.org\/"},{"@type":"ListItem","position":2,"name":"About Us","item":"https:\/\/lincolndems.org\/about-us\/"},{"@type":"ListItem","position":3,"name":"Elected Officials"}]},{"@type":"WebSite","@id":"https:\/\/lincolndems.org\/#website","url":"https:\/\/lincolndems.org\/","name":"Lincoln County, NC Democratic Party","description":"Lincolnton, NC","publisher":{"@id":"https:\/\/lincolndems.org\/#organization"},"potentialAction":[{"@type":"SearchAction","target":{"@type":"EntryPoint","urlTemplate":"https:\/\/lincolndems.org\/?s={search_term_string}"},"query-input":{"@type":"PropertyValueSpecification","valueRequired":true,"valueName":"search_term_string"}}],"inLanguage":"es"},{"@type":"Organization","@id":"https:\/\/lincolndems.org\/#organization","name":"Lincoln County, NC Democratic Party","url":"https:\/\/lincolndems.org\/","logo":{"@type":"ImageObject","inLanguage":"es","@id":"https:\/\/lincolndems.org\/#\/schema\/logo\/image\/","url":"https:\/\/i0.wp.com\/lincolndems.org\/wp9\/wp-content\/uploads\/2016\/08\/box.jpg?fit=704%2C442&ssl=1","contentUrl":"https:\/\/i0.wp.com\/lincolndems.org\/wp9\/wp-content\/uploads\/2016\/08\/box.jpg?fit=704%2C442&ssl=1","width":704,"height":442,"caption":"Lincoln County, NC Democratic Party"},"image":{"@id":"https:\/\/lincolndems.org\/#\/schema\/logo\/image\/"},"sameAs":["https:\/\/www.facebook.com\/LCNCDP"]}]}},"_links":{"self":[{"href":"https:\/\/lincolndems.org\/es\/wp-json\/wp\/v2\/pages\/1712","targetHints":{"allow":["GET"]}}],"collection":[{"href":"https:\/\/lincolndems.org\/es\/wp-json\/wp\/v2\/pages"}],"about":[{"href":"https:\/\/lincolndems.org\/es\/wp-json\/wp\/v2\/types\/page"}],"author":[{"embeddable":true,"href":"https:\/\/lincolndems.org\/es\/wp-json\/wp\/v2\/users\/1"}],"replies":[{"embeddable":true,"href":"https:\/\/lincolndems.org\/es\/wp-json\/wp\/v2\/comments?post=1712"}],"version-history":[{"count":6,"href":"https:\/\/lincolndems.org\/es\/wp-json\/wp\/v2\/pages\/1712\/revisions"}],"predecessor-version":[{"id":3995,"href":"https:\/\/lincolndems.org\/es\/wp-json\/wp\/v2\/pages\/1712\/revisions\/3995"}],"up":[{"embeddable":true,"href":"https:\/\/lincolndems.org\/es\/wp-json\/wp\/v2\/pages\/19"}],"wp:attachment":[{"href":"https:\/\/lincolndems.org\/es\/wp-json\/wp\/v2\/media?parent=1712"}],"curies":[{"name":"wp","href":"https:\/\/api.w.org\/{rel}","templated":true}]}}